{"id":4137,"date":"2026-02-28T05:52:11","date_gmt":"2026-02-28T05:52:11","guid":{"rendered":"http:\/\/192.168.1.245\/site2\/?page_id=4137"},"modified":"2026-02-28T13:13:33","modified_gmt":"2026-02-28T13:13:33","slug":"fatale-thalasso-2","status":"publish","type":"page","link":"https:\/\/www.bernard-mehaut.fr\/?page_id=4137","title":{"rendered":"Fatale thalasso"},"content":{"rendered":"\t\t<div data-elementor-type=\"wp-post\" data-elementor-id=\"4137\" class=\"elementor elementor-4137\">\n\t\t\t\t<div class=\"elementor-element elementor-element-9181043 e-grid e-con-boxed e-con e-parent\" data-id=\"9181043\" data-element_type=\"container\" data-e-type=\"container\" data-settings=\"{&quot;background_background&quot;:&quot;classic&quot;,&quot;shape_divider_top&quot;:&quot;clouds&quot;,&quot;shape_divider_bottom&quot;:&quot;clouds&quot;}\">\n\t\t\t\t\t<div class=\"e-con-inner\">\n\t\t\t\t<div class=\"elementor-shape elementor-shape-top\" aria-hidden=\"true\" data-negative=\"false\">\n\t\t\t<svg xmlns=\"http:\/\/www.w3.org\/2000\/svg\" viewBox=\"0 0 283.5 27.8\" preserveAspectRatio=\"xMidYMax slice\">\n  <path class=\"elementor-shape-fill\" d=\"M0 0v6.7c1.9-.8 4.7-1.4 8.5-1 9.5 1.1 11.1 6 11.1 6s2.1-.7 4.3-.2c2.1.5 2.8 2.6 2.8 2.6s.2-.5 1.4-.7c1.2-.2 1.7.2 1.7.2s0-2.1 1.9-2.8c1.9-.7 3.6.7 3.6.7s.7-2.9 3.1-4.1 4.7 0 4.7 0 1.2-.5 2.4 0 1.7 1.4 1.7 1.4h1.4c.7 0 1.2.7 1.2.7s.8-1.8 4-2.2c3.5-.4 5.3 2.4 6.2 4.4.4-.4 1-.7 1.8-.9 2.8-.7 4 .7 4 .7s1.7-5 11.1-6c9.5-1.1 12.3 3.9 12.3 3.9s1.2-4.8 5.7-5.7c4.5-.9 6.8 1.8 6.8 1.8s.6-.6 1.5-.9c.9-.2 1.9-.2 1.9-.2s5.2-6.4 12.6-3.3c7.3 3.1 4.7 9 4.7 9s1.9-.9 4 0 2.8 2.4 2.8 2.4 1.9-1.2 4.5-1.2 4.3 1.2 4.3 1.2.2-1 1.4-1.7 2.1-.7 2.1-.7-.5-3.1 2.1-5.5 5.7-1.4 5.7-1.4 1.5-2.3 4.2-1.1c2.7 1.2 1.7 5.2 1.7 5.2s.3-.1 1.3.5c.5.4.8.8.9 1.1.5-1.4 2.4-5.8 8.4-4 7.1 2.1 3.5 8.9 3.5 8.9s.8-.4 2 0 1.1 1.1 1.1 1.1 1.1-1.1 2.3-1.1 2.1.5 2.1.5 1.9-3.6 6.2-1.2 1.9 6.4 1.9 6.4 2.6-2.4 7.4 0c3.4 1.7 3.9 4.9 3.9 4.9s3.3-6.9 10.4-7.9 11.5 2.6 11.5 2.6.8 0 1.2.2c.4.2.9.9.9.9s4.4-3.1 8.3.2c1.9 1.7 1.5 5 1.5 5s.3-1.1 1.6-1.4c1.3-.3 2.3.2 2.3.2s-.1-1.2.5-1.9 1.9-.9 1.9-.9-4.7-9.3 4.4-13.4c5.6-2.5 9.2.9 9.2.9s5-6.2 15.9-6.2 16.1 8.1 16.1 8.1.7-.2 1.6-.4V0H0z\"\/>\n<\/svg>\n\t\t<\/div>\n\t\t\t\t<div class=\"elementor-shape elementor-shape-bottom\" aria-hidden=\"true\" data-negative=\"false\">\n\t\t\t<svg xmlns=\"http:\/\/www.w3.org\/2000\/svg\" viewBox=\"0 0 283.5 27.8\" preserveAspectRatio=\"xMidYMax slice\">\n  <path class=\"elementor-shape-fill\" d=\"M0 0v6.7c1.9-.8 4.7-1.4 8.5-1 9.5 1.1 11.1 6 11.1 6s2.1-.7 4.3-.2c2.1.5 2.8 2.6 2.8 2.6s.2-.5 1.4-.7c1.2-.2 1.7.2 1.7.2s0-2.1 1.9-2.8c1.9-.7 3.6.7 3.6.7s.7-2.9 3.1-4.1 4.7 0 4.7 0 1.2-.5 2.4 0 1.7 1.4 1.7 1.4h1.4c.7 0 1.2.7 1.2.7s.8-1.8 4-2.2c3.5-.4 5.3 2.4 6.2 4.4.4-.4 1-.7 1.8-.9 2.8-.7 4 .7 4 .7s1.7-5 11.1-6c9.5-1.1 12.3 3.9 12.3 3.9s1.2-4.8 5.7-5.7c4.5-.9 6.8 1.8 6.8 1.8s.6-.6 1.5-.9c.9-.2 1.9-.2 1.9-.2s5.2-6.4 12.6-3.3c7.3 3.1 4.7 9 4.7 9s1.9-.9 4 0 2.8 2.4 2.8 2.4 1.9-1.2 4.5-1.2 4.3 1.2 4.3 1.2.2-1 1.4-1.7 2.1-.7 2.1-.7-.5-3.1 2.1-5.5 5.7-1.4 5.7-1.4 1.5-2.3 4.2-1.1c2.7 1.2 1.7 5.2 1.7 5.2s.3-.1 1.3.5c.5.4.8.8.9 1.1.5-1.4 2.4-5.8 8.4-4 7.1 2.1 3.5 8.9 3.5 8.9s.8-.4 2 0 1.1 1.1 1.1 1.1 1.1-1.1 2.3-1.1 2.1.5 2.1.5 1.9-3.6 6.2-1.2 1.9 6.4 1.9 6.4 2.6-2.4 7.4 0c3.4 1.7 3.9 4.9 3.9 4.9s3.3-6.9 10.4-7.9 11.5 2.6 11.5 2.6.8 0 1.2.2c.4.2.9.9.9.9s4.4-3.1 8.3.2c1.9 1.7 1.5 5 1.5 5s.3-1.1 1.6-1.4c1.3-.3 2.3.2 2.3.2s-.1-1.2.5-1.9 1.9-.9 1.9-.9-4.7-9.3 4.4-13.4c5.6-2.5 9.2.9 9.2.9s5-6.2 15.9-6.2 16.1 8.1 16.1 8.1.7-.2 1.6-.4V0H0z\"\/>\n<\/svg>\n\t\t<\/div>\n\t\t\t\t<div class=\"elementor-element elementor-element-28fe7bb elementor-widget elementor-widget-image\" data-id=\"28fe7bb\" data-element_type=\"widget\" data-e-type=\"widget\" data-widget_type=\"image.default\">\n\t\t\t\t<div class=\"elementor-widget-container\">\n\t\t\t\t\t\t\t\t\t\t\t\t<figure class=\"wp-caption\">\n\t\t\t\t\t\t\t\t\t\t\t<a href=\"https:\/\/www.coetquen.fr\/product\/18733133\/fatale-thalasso\" target=\"_blank\">\n\t\t\t\t\t\t\t<img fetchpriority=\"high\" decoding=\"async\" width=\"382\" height=\"530\" src=\"https:\/\/www.bernard-mehaut.fr\/wp-content\/uploads\/2026\/02\/fatale_test_ombre2.png\" class=\"attachment-large size-large wp-image-4067\" alt=\"\" srcset=\"https:\/\/www.bernard-mehaut.fr\/wp-content\/uploads\/2026\/02\/fatale_test_ombre2.png 382w, https:\/\/www.bernard-mehaut.fr\/wp-content\/uploads\/2026\/02\/fatale_test_ombre2-216x300.png 216w\" sizes=\"(max-width: 382px) 100vw, 382px\" \/>\t\t\t\t\t\t\t\t<\/a>\n\t\t\t\t\t\t\t\t\t\t\t<figcaption class=\"widget-image-caption wp-caption-text\"> Cliquez pour acc\u00e9der \u00e0 la pr\u00e9sentation et \u00e0 l'extrait sur le site de l'\u00e9diteur<\/figcaption>\n\t\t\t\t\t\t\t\t\t\t<\/figure>\n\t\t\t\t\t\t\t\t\t<\/div>\n\t\t\t\t<\/div>\n\t\t\t\t<div class=\"elementor-element elementor-element-ec25a2c e-transform e-transform elementor-widget elementor-widget-image\" data-id=\"ec25a2c\" data-element_type=\"widget\" data-e-type=\"widget\" data-settings=\"{&quot;_transform_scale_effect_hover&quot;:{&quot;unit&quot;:&quot;px&quot;,&quot;size&quot;:1.5,&quot;sizes&quot;:[]},&quot;_transform_scale_effect&quot;:{&quot;unit&quot;:&quot;px&quot;,&quot;size&quot;:&quot;&quot;,&quot;sizes&quot;:[]},&quot;_transform_scale_effect_tablet&quot;:{&quot;unit&quot;:&quot;px&quot;,&quot;size&quot;:&quot;&quot;,&quot;sizes&quot;:[]},&quot;_transform_scale_effect_mobile&quot;:{&quot;unit&quot;:&quot;px&quot;,&quot;size&quot;:&quot;&quot;,&quot;sizes&quot;:[]},&quot;_transform_scale_effect_hover_tablet&quot;:{&quot;unit&quot;:&quot;px&quot;,&quot;size&quot;:&quot;&quot;,&quot;sizes&quot;:[]},&quot;_transform_scale_effect_hover_mobile&quot;:{&quot;unit&quot;:&quot;px&quot;,&quot;size&quot;:&quot;&quot;,&quot;sizes&quot;:[]}}\" data-widget_type=\"image.default\">\n\t\t\t\t<div class=\"elementor-widget-container\">\n\t\t\t\t\t\t\t\t\t\t\t\t\t\t\t<img decoding=\"async\" width=\"1024\" height=\"1024\" src=\"https:\/\/www.bernard-mehaut.fr\/wp-content\/uploads\/2026\/02\/fatale_thalasso-1024x1024.jpg\" class=\"attachment-large size-large wp-image-4080\" alt=\"\" srcset=\"https:\/\/www.bernard-mehaut.fr\/wp-content\/uploads\/2026\/02\/fatale_thalasso-1024x1024.jpg 1024w, https:\/\/www.bernard-mehaut.fr\/wp-content\/uploads\/2026\/02\/fatale_thalasso-300x300.jpg 300w, https:\/\/www.bernard-mehaut.fr\/wp-content\/uploads\/2026\/02\/fatale_thalasso-150x150.jpg 150w, https:\/\/www.bernard-mehaut.fr\/wp-content\/uploads\/2026\/02\/fatale_thalasso-768x768.jpg 768w, https:\/\/www.bernard-mehaut.fr\/wp-content\/uploads\/2026\/02\/fatale_thalasso.jpg 1080w\" sizes=\"(max-width: 1024px) 100vw, 1024px\" \/>\t\t\t\t\t\t\t\t\t\t\t\t\t\t\t<\/div>\n\t\t\t\t<\/div>\n\t\t\t\t\t<\/div>\n\t\t\t\t<\/div>\n\t\t<div class=\"elementor-element elementor-element-f368a9f e-grid e-con-boxed e-con e-parent\" data-id=\"f368a9f\" data-element_type=\"container\" data-e-type=\"container\" data-settings=\"{&quot;background_background&quot;:&quot;classic&quot;,&quot;shape_divider_top&quot;:&quot;clouds&quot;,&quot;shape_divider_bottom&quot;:&quot;clouds&quot;}\">\n\t\t\t\t\t<div class=\"e-con-inner\">\n\t\t\t\t<div class=\"elementor-shape elementor-shape-top\" aria-hidden=\"true\" data-negative=\"false\">\n\t\t\t<svg xmlns=\"http:\/\/www.w3.org\/2000\/svg\" viewBox=\"0 0 283.5 27.8\" preserveAspectRatio=\"xMidYMax slice\">\n  <path class=\"elementor-shape-fill\" d=\"M0 0v6.7c1.9-.8 4.7-1.4 8.5-1 9.5 1.1 11.1 6 11.1 6s2.1-.7 4.3-.2c2.1.5 2.8 2.6 2.8 2.6s.2-.5 1.4-.7c1.2-.2 1.7.2 1.7.2s0-2.1 1.9-2.8c1.9-.7 3.6.7 3.6.7s.7-2.9 3.1-4.1 4.7 0 4.7 0 1.2-.5 2.4 0 1.7 1.4 1.7 1.4h1.4c.7 0 1.2.7 1.2.7s.8-1.8 4-2.2c3.5-.4 5.3 2.4 6.2 4.4.4-.4 1-.7 1.8-.9 2.8-.7 4 .7 4 .7s1.7-5 11.1-6c9.5-1.1 12.3 3.9 12.3 3.9s1.2-4.8 5.7-5.7c4.5-.9 6.8 1.8 6.8 1.8s.6-.6 1.5-.9c.9-.2 1.9-.2 1.9-.2s5.2-6.4 12.6-3.3c7.3 3.1 4.7 9 4.7 9s1.9-.9 4 0 2.8 2.4 2.8 2.4 1.9-1.2 4.5-1.2 4.3 1.2 4.3 1.2.2-1 1.4-1.7 2.1-.7 2.1-.7-.5-3.1 2.1-5.5 5.7-1.4 5.7-1.4 1.5-2.3 4.2-1.1c2.7 1.2 1.7 5.2 1.7 5.2s.3-.1 1.3.5c.5.4.8.8.9 1.1.5-1.4 2.4-5.8 8.4-4 7.1 2.1 3.5 8.9 3.5 8.9s.8-.4 2 0 1.1 1.1 1.1 1.1 1.1-1.1 2.3-1.1 2.1.5 2.1.5 1.9-3.6 6.2-1.2 1.9 6.4 1.9 6.4 2.6-2.4 7.4 0c3.4 1.7 3.9 4.9 3.9 4.9s3.3-6.9 10.4-7.9 11.5 2.6 11.5 2.6.8 0 1.2.2c.4.2.9.9.9.9s4.4-3.1 8.3.2c1.9 1.7 1.5 5 1.5 5s.3-1.1 1.6-1.4c1.3-.3 2.3.2 2.3.2s-.1-1.2.5-1.9 1.9-.9 1.9-.9-4.7-9.3 4.4-13.4c5.6-2.5 9.2.9 9.2.9s5-6.2 15.9-6.2 16.1 8.1 16.1 8.1.7-.2 1.6-.4V0H0z\"\/>\n<\/svg>\n\t\t<\/div>\n\t\t\t\t<div class=\"elementor-shape elementor-shape-bottom\" aria-hidden=\"true\" data-negative=\"false\">\n\t\t\t<svg xmlns=\"http:\/\/www.w3.org\/2000\/svg\" viewBox=\"0 0 283.5 27.8\" preserveAspectRatio=\"xMidYMax slice\">\n  <path class=\"elementor-shape-fill\" d=\"M0 0v6.7c1.9-.8 4.7-1.4 8.5-1 9.5 1.1 11.1 6 11.1 6s2.1-.7 4.3-.2c2.1.5 2.8 2.6 2.8 2.6s.2-.5 1.4-.7c1.2-.2 1.7.2 1.7.2s0-2.1 1.9-2.8c1.9-.7 3.6.7 3.6.7s.7-2.9 3.1-4.1 4.7 0 4.7 0 1.2-.5 2.4 0 1.7 1.4 1.7 1.4h1.4c.7 0 1.2.7 1.2.7s.8-1.8 4-2.2c3.5-.4 5.3 2.4 6.2 4.4.4-.4 1-.7 1.8-.9 2.8-.7 4 .7 4 .7s1.7-5 11.1-6c9.5-1.1 12.3 3.9 12.3 3.9s1.2-4.8 5.7-5.7c4.5-.9 6.8 1.8 6.8 1.8s.6-.6 1.5-.9c.9-.2 1.9-.2 1.9-.2s5.2-6.4 12.6-3.3c7.3 3.1 4.7 9 4.7 9s1.9-.9 4 0 2.8 2.4 2.8 2.4 1.9-1.2 4.5-1.2 4.3 1.2 4.3 1.2.2-1 1.4-1.7 2.1-.7 2.1-.7-.5-3.1 2.1-5.5 5.7-1.4 5.7-1.4 1.5-2.3 4.2-1.1c2.7 1.2 1.7 5.2 1.7 5.2s.3-.1 1.3.5c.5.4.8.8.9 1.1.5-1.4 2.4-5.8 8.4-4 7.1 2.1 3.5 8.9 3.5 8.9s.8-.4 2 0 1.1 1.1 1.1 1.1 1.1-1.1 2.3-1.1 2.1.5 2.1.5 1.9-3.6 6.2-1.2 1.9 6.4 1.9 6.4 2.6-2.4 7.4 0c3.4 1.7 3.9 4.9 3.9 4.9s3.3-6.9 10.4-7.9 11.5 2.6 11.5 2.6.8 0 1.2.2c.4.2.9.9.9.9s4.4-3.1 8.3.2c1.9 1.7 1.5 5 1.5 5s.3-1.1 1.6-1.4c1.3-.3 2.3.2 2.3.2s-.1-1.2.5-1.9 1.9-.9 1.9-.9-4.7-9.3 4.4-13.4c5.6-2.5 9.2.9 9.2.9s5-6.2 15.9-6.2 16.1 8.1 16.1 8.1.7-.2 1.6-.4V0H0z\"\/>\n<\/svg>\n\t\t<\/div>\n\t\t\t\t<div class=\"elementor-element elementor-element-0893019 elementor-widget elementor-widget-text-editor\" data-id=\"0893019\" data-element_type=\"widget\" data-e-type=\"widget\" data-widget_type=\"text-editor.default\">\n\t\t\t\t<div class=\"elementor-widget-container\">\n\t\t\t\t\t\t\t\t\t<h1 class=\"western\" align=\"center\">Fatale thalasso, le 3e roman de Bernard M\u00e9haut, est paru<\/h1><p>Ce nouveau roman policier a pour cadre l&rsquo;\u00e9tablissement carnacois. Un meurtre, puis un deuxi\u00e8me nourrissent l&rsquo;intrigue de l&rsquo;auteur prolifique.<\/p><p><img decoding=\"async\" class=\"alignnone wp-image-4081 size-medium\" src=\"http:\/\/192.168.1.245\/site2\/wp-content\/uploads\/2026\/02\/fatale-thalasso-le-3e-roman-de-bernard-mehaut-est-paru-1-300x169.jpg\" alt=\"\" width=\"300\" height=\"169\" srcset=\"https:\/\/www.bernard-mehaut.fr\/wp-content\/uploads\/2026\/02\/fatale-thalasso-le-3e-roman-de-bernard-mehaut-est-paru-1-300x169.jpg 300w, https:\/\/www.bernard-mehaut.fr\/wp-content\/uploads\/2026\/02\/fatale-thalasso-le-3e-roman-de-bernard-mehaut-est-paru-1.jpg 640w\" sizes=\"(max-width: 300px) 100vw, 300px\" \/><\/p><p align=\"center\">Bernard M\u00e9haut vient de publier son troisi\u00e8me livre, <i>Fatale thalasso<\/i>.<\/p><p align=\"justify\">Le premier roman de l&rsquo;auteur de polars, <i>Sauvage \u00e9tait la c\u00f4te<\/i>, se passait \u00e0 Quiberon, le deuxi\u00e8me, <i>Embruns toxiques<\/i>, \u00e0 Vannes, Paris, sur l&rsquo;\u00eele de Jersey, dans le Finist\u00e8re et ses enclos paroissiaux.<\/p><p>L&rsquo;enqu\u00eate de <i>Fatale thalasso<\/i>, le petit dernier, a pour cadre l&rsquo;\u00e9tablissement thermal carnacois. <b>\u00ab La thalasso de Carnac a la chance d&rsquo;avoir un directeur g\u00e9n\u00e9ral, Martial Den\u00eatre, qui est un tr\u00e8s grand lecteur. Il s&rsquo;est pris au jeu, a appr\u00e9ci\u00e9 mes deux premiers bouquins, et m&rsquo;a demand\u00e9 si j&rsquo;\u00e9tais int\u00e9ress\u00e9 d&rsquo;en \u00e9crire un dont l&rsquo;intrigue se d\u00e9roulerait \u00e0 la thalasso,<\/b> raconte l&rsquo;auteur. <b>Il m&rsquo;a laiss\u00e9 carte blanche. Comme j&rsquo;ai toujours quelques petites id\u00e9es en t\u00eate, j&rsquo;ai r\u00e9fl\u00e9chi un petit peu, puis je lui ai dit oui, \u00e7a peut \u00eatre amusant. \u00bb<\/b><\/p><p><b>L&rsquo;histoire<\/b><\/p><p>Les d\u00e9pliants touristiques vantent Carnac, la mer, ses plages, ses touristes et sa thalasso. Oui, mais&#8230; Un corps sans vie est d\u00e9couvert pr\u00e8s de l&rsquo;\u00eele aux Oiseaux, l&rsquo;une des promenades favorites des r\u00e9sidents.<\/p><p>Le commissaire Orlando Muller et son \u00e9quipe, un groupe pour le moins h\u00e9t\u00e9roclite, sont charg\u00e9s de l&rsquo;enqu\u00eate. Pendant leurs investigations, un autre meurtre a lieu en plein coeur de la thalasso. Un corps retrouv\u00e9 dans un bassin. L&rsquo;assassinat de trop dont l&rsquo;\u00e9tablissement se serait bien pass\u00e9. La hi\u00e9rarchie et les personnes influentes de Carnac mettent la pression sur les enqu\u00eateurs.<\/p><p><b>\u00ab \u00c0 la base, j&rsquo;ai une id\u00e9e, je dessine la trame, je r\u00e9dige le plan avant de passer \u00e0 l&rsquo;\u00e9criture. Pour le quatri\u00e8me j&rsquo;ai d\u00e9j\u00e0 des id\u00e9es en t\u00eate \u00bb,<\/b> conclut Bernard M\u00e9haut.<\/p><p style=\"text-align: center;\"><a href=\"https:\/\/www.ouest-france.fr\/bretagne\/plougoumelen-56400\/fatale-thalasso-le-3e-roman-de-bernard-mehaut-est-paru-3834228\">Ouest-France<\/a><\/p>\t\t\t\t\t\t\t\t<\/div>\n\t\t\t\t<\/div>\n\t\t\t\t<div class=\"elementor-element elementor-element-12df46f elementor-widget elementor-widget-text-editor\" data-id=\"12df46f\" data-element_type=\"widget\" data-e-type=\"widget\" data-widget_type=\"text-editor.default\">\n\t\t\t\t<div class=\"elementor-widget-container\">\n\t\t\t\t\t\t\t\t\t<h1 class=\"western\" align=\"center\">Polar. Bernard M\u00e9haut invite \u00e0 une\u00a0 \u00ab Fatale thalasso \u00bb<\/h1><p align=\"center\">Nous terminons notre s\u00e9rie des sorties de No\u00ebl vannetaises par un polar. <b>\u00ab Fatale thalasso \u00bb<\/b>, la troisi\u00e8me enqu\u00eate du commissaire Muller, emm\u00e8ne Bernard M\u00e9haut au coeur d&rsquo;une \u00e9trange famille.<\/p><p align=\"center\"><img loading=\"lazy\" decoding=\"async\" class=\"alignnone wp-image-4090 size-medium\" src=\"http:\/\/192.168.1.245\/site2\/wp-content\/uploads\/2026\/02\/bm-300x188.png\" alt=\"\" width=\"300\" height=\"188\" srcset=\"https:\/\/www.bernard-mehaut.fr\/wp-content\/uploads\/2026\/02\/bm-300x188.png 300w, https:\/\/www.bernard-mehaut.fr\/wp-content\/uploads\/2026\/02\/bm.png 480w\" sizes=\"(max-width: 300px) 100vw, 300px\" \/><\/p><p align=\"justify\">Bernard M\u00e9haut pr\u00e9sente la troisi\u00e8me enqu\u00eate du commissaire Orlando Muller <b>\u00ab Fatale thalasso \u00bb<\/b>.<\/p><p align=\"justify\"><b> Finalement, vous n&rsquo;arrivez pas \u00e0 quitter Orlando Muller et son \u00e9quipe. Que vous apporte-t-elle?<\/b><\/p><p align=\"justify\">\u00c7a m&rsquo;amuse beaucoup d&rsquo;\u00e9crire. Notamment les dialogues. Il n&rsquo;y a pas plus grande libert\u00e9 que l&rsquo;\u00e9criture : de rien, on cr\u00e9e des personnages et on les fait vivre. La seule limite, ce sont les valeurs de l&rsquo;auteur et l&rsquo;int\u00e9r\u00eat du public. La premi\u00e8re enqu\u00eate s&rsquo;est vendue \u00e0 600 exemplaires, la deuxi\u00e8me s&rsquo;en rapproche&#8230; Alors je continue \u00e0 passer le temps tr\u00e8s agr\u00e9ablement ! Il devrait d&rsquo;ailleurs y avoir une quatri\u00e8me enqu\u00eate d&rsquo;Orlando Muller, dans le secteur de Vannes. J&rsquo;ai toujours quelques id\u00e9es.<\/p><p align=\"justify\"><b>Le cadre de ce roman policier, la Thalasso de Carnac, est tr\u00e8s particulier. Quel lien entre votre inspiration et le lieu ?<\/b><\/p><p align=\"justify\">J&rsquo;avais d\u00e9j\u00e0 une id\u00e9e d&rsquo;intrigue, autour d&rsquo;un pari, d&rsquo;un service rendu et d&rsquo;une contrepartie d\u00e9mesur\u00e9e. La cupidit\u00e9 et la bassesse humaines n&rsquo;ont pas vraiment de limites. Je crois pourtant que mon imagination est sans doute en dessous de certaines situations r\u00e9elles. Mon \u00e9diteur ayant \u00e9t\u00e9 confront\u00e9 \u00e0 des soucis avec son diffuseur, j&rsquo;ai cherch\u00e9 des lieux o\u00f9 vendre mes livres et j&rsquo;ai pens\u00e9 \u00e0 la thalasso. Son directeur, Martial Den\u00eatre, m&rsquo;a alors propos\u00e9 de choisir l&rsquo;\u00e9tablissement comme cadre et m&rsquo;a donn\u00e9 carte blanche. J&rsquo;ai pass\u00e9 24 heures \u00e0 la thalasso et j&rsquo;ai adapt\u00e9 mon intrigue au lieu. Apr\u00e8s \u00ab<b>Embruns toxiques<\/b>\u00bb o\u00f9 les enqu\u00eateurs bougeaient beaucoup, cela m&rsquo;a donn\u00e9 l&rsquo;occasion d&rsquo;\u00eatre plus pr\u00e8s du huis clos, m\u00eame si l&rsquo;ambiance \u00ab cocooning \u00bb est un peu mise \u00e0 mal par deux crimes.<\/p><p align=\"justify\"><b>Internet tient une place particuli\u00e8re dans ce troisi\u00e8me roman. Pourquoi ?<\/b><\/p><p align=\"justify\">Ce qui m&rsquo;int\u00e9ressait, c&rsquo;est l&rsquo;id\u00e9e du jeu en ligne et de l&rsquo;addiction qu&rsquo;il peut g\u00e9n\u00e9rer, y compris aupr\u00e8s des personnes les plus sens\u00e9es&#8230; L&rsquo;informatique est d&rsquo;abord un outil. Il m&rsquo;a aussi servi \u00e0 montrer l&rsquo;opini\u00e2tret\u00e9 de l&rsquo;\u00e9quipe, de la geek au vieux flic en fin de carri\u00e8re. Ils ne l\u00e2chent rien, m\u00eame s&rsquo;il n&rsquo;y a pas de bagarre, de sang, de sexe ou de course-poursuite. Car ce qui me motive est le fonctionnement humain.<\/p><p style=\"text-align: center;\" align=\"justify\"><a href=\"https:\/\/www.letelegramme.fr\/morbihan\/vannes-56000\/spanpolarspan-bernard-mehaut-invite-a-une-fatale-thalasso-2601195.php\">Le\u00a0 T\u00e9l\u00e9gramme<\/a><\/p>\t\t\t\t\t\t\t\t<\/div>\n\t\t\t\t<\/div>\n\t\t\t\t\t<\/div>\n\t\t\t\t<\/div>\n\t\t<div class=\"elementor-element elementor-element-8f3d860 e-flex e-con-boxed e-con e-parent\" data-id=\"8f3d860\" data-element_type=\"container\" data-e-type=\"container\">\n\t\t\t\t\t<div class=\"e-con-inner\">\n\t\t\t\t<div class=\"elementor-element elementor-element-ee2caec elementor-widget elementor-widget-thim-ekits-back-to-top\" data-id=\"ee2caec\" data-element_type=\"widget\" data-e-type=\"widget\" data-widget_type=\"thim-ekits-back-to-top.default\">\n\t\t\t\t<div class=\"elementor-widget-container\">\n\t\t\t\t\t\t\t<div class=\"back-to-top__swapper\" id=\"back-to-top-kits\">\n\t\t\t<div class=\"back-to-top__button scroll-circle-progress\">\n\t\t\t\t<svg class=\"scroll-circle-progress-svg\" width=\"100%\" height=\"100%\" viewBox=\"-1 -1 102 102\">\n\t\t\t\t<path d=\"M50,1 a49,49 0 0,1 0,98 a49,49 0 0,1 0,-98\"\/>\n\t\t\t<\/svg><svg aria-hidden=\"true\" class=\"e-font-icon-svg e-fas-arrow-up\" viewBox=\"0 0 448 512\" xmlns=\"http:\/\/www.w3.org\/2000\/svg\"><path d=\"M34.9 289.5l-22.2-22.2c-9.4-9.4-9.4-24.6 0-33.9L207 39c9.4-9.4 24.6-9.4 33.9 0l194.3 194.3c9.4 9.4 9.4 24.6 0 33.9L413 289.4c-9.5 9.5-25 9.3-34.3-.4L264 168.6V456c0 13.3-10.7 24-24 24h-32c-13.3 0-24-10.7-24-24V168.6L69.2 289.1c-9.3 9.8-24.8 10-34.3.4z\"><\/path><\/svg>\t\t\t<\/div>\n\t\t<\/div>\n\t\t\t\t\t\t<\/div>\n\t\t\t\t<\/div>\n\t\t\t\t\t<\/div>\n\t\t\t\t<\/div>\n\t\t\t\t<\/div>\n\t\t","protected":false},"excerpt":{"rendered":"<p>Cliquez pour acc\u00e9der \u00e0 la pr\u00e9sentation et \u00e0 l&rsquo;extrait sur le site de l&rsquo;\u00e9diteur Fatale thalasso, le 3e roman de [&hellip;]<\/p>\n","protected":false},"author":1,"featured_media":0,"parent":0,"menu_order":0,"comment_status":"closed","ping_status":"closed","template":"elementor_header_footer","meta":{"site-sidebar-layout":"no-sidebar","site-content-layout":"","ast-site-content-layout":"full-width-container","site-content-style":"default","site-sidebar-style":"default","ast-global-header-display":"","ast-banner-title-visibility":"","ast-main-header-display":"","ast-hfb-above-header-display":"","ast-hfb-below-header-display":"","ast-hfb-mobile-header-display":"","site-post-title":"","ast-breadcrumbs-content":"","ast-featured-img":"disabled","footer-sml-layout":"","ast-disable-related-posts":"","theme-transparent-header-meta":"","adv-header-id-meta":"","stick-header-meta":"","header-above-stick-meta":"","header-main-stick-meta":"","header-below-stick-meta":"","astra-migrate-meta-layouts":"default","ast-page-background-enabled":"default","ast-page-background-meta":{"desktop":{"background-color":"var(--ast-global-color-5)","background-image":"","background-repeat":"repeat","background-position":"center center","background-size":"auto","background-attachment":"scroll","background-type":"","background-media":"","overlay-type":"","overlay-color":"","overlay-opacity":"","overlay-gradient":""},"tablet":{"background-color":"","background-image":"","background-repeat":"repeat","background-position":"center center","background-size":"auto","background-attachment":"scroll","background-type":"","background-media":"","overlay-type":"","overlay-color":"","overlay-opacity":"","overlay-gradient":""},"mobile":{"background-color":"","background-image":"","background-repeat":"repeat","background-position":"center center","background-size":"auto","background-attachment":"scroll","background-type":"","background-media":"","overlay-type":"","overlay-color":"","overlay-opacity":"","overlay-gradient":""}},"ast-content-background-meta":{"desktop":{"background-color":"var(--ast-global-color-4)","background-image":"","background-repeat":"repeat","background-position":"center center","background-size":"auto","background-attachment":"scroll","background-type":"","background-media":"","overlay-type":"","overlay-color":"","overlay-opacity":"","overlay-gradient":""},"tablet":{"background-color":"var(--ast-global-color-4)","background-image":"","background-repeat":"repeat","background-position":"center center","background-size":"auto","background-attachment":"scroll","background-type":"","background-media":"","overlay-type":"","overlay-color":"","overlay-opacity":"","overlay-gradient":""},"mobile":{"background-color":"var(--ast-global-color-4)","background-image":"","background-repeat":"repeat","background-position":"center center","background-size":"auto","background-attachment":"scroll","background-type":"","background-media":"","overlay-type":"","overlay-color":"","overlay-opacity":"","overlay-gradient":""}},"footnotes":""},"class_list":["post-4137","page","type-page","status-publish","hentry"],"_links":{"self":[{"href":"https:\/\/www.bernard-mehaut.fr\/index.php?rest_route=\/wp\/v2\/pages\/4137","targetHints":{"allow":["GET"]}}],"collection":[{"href":"https:\/\/www.bernard-mehaut.fr\/index.php?rest_route=\/wp\/v2\/pages"}],"about":[{"href":"https:\/\/www.bernard-mehaut.fr\/index.php?rest_route=\/wp\/v2\/types\/page"}],"author":[{"embeddable":true,"href":"https:\/\/www.bernard-mehaut.fr\/index.php?rest_route=\/wp\/v2\/users\/1"}],"replies":[{"embeddable":true,"href":"https:\/\/www.bernard-mehaut.fr\/index.php?rest_route=%2Fwp%2Fv2%2Fcomments&post=4137"}],"version-history":[{"count":0,"href":"https:\/\/www.bernard-mehaut.fr\/index.php?rest_route=\/wp\/v2\/pages\/4137\/revisions"}],"wp:attachment":[{"href":"https:\/\/www.bernard-mehaut.fr\/index.php?rest_route=%2Fwp%2Fv2%2Fmedia&parent=4137"}],"curies":[{"name":"wp","href":"https:\/\/api.w.org\/{rel}","templated":true}]}}